{"id":974,"date":"2021-05-19T22:15:11","date_gmt":"2021-05-19T20:15:11","guid":{"rendered":"http:\/\/www.simonburyan.cz\/ifix\/portfolio\/item1\/?page_id=974"},"modified":"2021-06-05T23:37:14","modified_gmt":"2021-06-05T21:37:14","slug":"galerie","status":"publish","type":"page","link":"http:\/\/www.simonburyan.cz\/ifix\/portfolio\/item1\/galerie\/","title":{"rendered":"Galerie"},"content":{"rendered":"\t\t<div data-elementor-type=\"wp-page\" data-elementor-id=\"974\" class=\"elementor elementor-974\" data-elementor-settings=\"[]\">\n\t\t\t\t\t\t\t<div class=\"elementor-section-wrap\">\n\t\t\t\t\t\t\t<section class=\"elementor-section elementor-top-section elementor-element elementor-element-6378501 elementor-section-boxed elementor-section-height-default elementor-section-height-default\" data-id=\"6378501\" data-element_type=\"section\" data-settings=\"{&quot;background_background&quot;:&quot;classic&quot;}\">\n\t\t\t\t\t\t\t<div class=\"elementor-background-overlay\"><\/div>\n\t\t\t\t\t\t\t<div class=\"elementor-container elementor-column-gap-default\">\n\t\t\t\t\t<div class=\"elementor-column elementor-col-100 elementor-top-column elementor-element elementor-element-822e01a\" data-id=\"822e01a\" data-element_type=\"column\">\n\t\t\t<div class=\"elementor-widget-wrap elementor-element-populated\">\n\t\t\t\t\t\t\t\t<div class=\"elementor-element elementor-element-9caeb6f elementor-widget elementor-widget-heading\" data-id=\"9caeb6f\" data-element_type=\"widget\" data-widget_type=\"heading.default\">\n\t\t\t\t<div class=\"elementor-widget-container\">\n\t\t\t<h1 class=\"elementor-heading-title elementor-size-default\">Galerie<\/h1>\t\t<\/div>\n\t\t\t\t<\/div>\n\t\t\t\t<div class=\"elementor-element elementor-element-b833374 elementor-widget elementor-widget-heading\" data-id=\"b833374\" data-element_type=\"widget\" data-widget_type=\"heading.default\">\n\t\t\t\t<div class=\"elementor-widget-container\">\n\t\t\t<div class=\"elementor-heading-title elementor-size-default\">V t\u00e9to \u010d\u00e1sti je prezentov\u00e1no portoflium hlavn\u00edch projekt\u016f.<\/div>\t\t<\/div>\n\t\t\t\t<\/div>\n\t\t\t\t\t<\/div>\n\t\t<\/div>\n\t\t\t\t\t\t\t<\/div>\n\t\t<\/section>\n\t\t\t\t<section class=\"elementor-section elementor-top-section elementor-element elementor-element-d5zjn28 elementor-section-boxed elementor-section-height-default elementor-section-height-default\" data-id=\"d5zjn28\" data-element_type=\"section\">\n\t\t\t\t\t\t<div class=\"elementor-container elementor-column-gap-no\">\n\t\t\t\t\t<div class=\"elementor-column elementor-col-100 elementor-top-column elementor-element elementor-element-aa095c6\" data-id=\"aa095c6\" data-element_type=\"column\">\n\t\t\t<div class=\"elementor-widget-wrap elementor-element-populated\">\n\t\t\t\t\t\t\t\t<div class=\"elementor-element elementor-element-3a5cddd gallery-spacing-custom elementor-widget elementor-widget-image-gallery\" data-id=\"3a5cddd\" data-element_type=\"widget\" data-widget_type=\"image-gallery.default\">\n\t\t\t\t<div class=\"elementor-widget-container\">\n\t\t\t\t\t<div class=\"elementor-image-gallery\">\n\t\t\t<div id='gallery-1' class='gallery galleryid-974 gallery-columns-3 gallery-size-full'><figure class='gallery-item'>\n\t\t\t<div class='gallery-icon landscape'>\n\t\t\t\t<a data-elementor-open-lightbox=\"yes\" data-elementor-lightbox-slideshow=\"3a5cddd\" data-elementor-lightbox-title=\"couple-in-office\" href='http:\/\/www.simonburyan.cz\/ifix\/portfolio\/item1\/wp-content\/uploads\/2021\/06\/couple-in-office.jpg'><img loading=\"lazy\" decoding=\"async\" width=\"446\" height=\"446\" src=\"http:\/\/www.simonburyan.cz\/ifix\/portfolio\/item1\/wp-content\/uploads\/2021\/06\/couple-in-office.jpg\" class=\"attachment-full size-full\" alt=\"\" srcset=\"http:\/\/www.simonburyan.cz\/ifix\/portfolio\/item1\/wp-content\/uploads\/2021\/06\/couple-in-office.jpg 446w, http:\/\/www.simonburyan.cz\/ifix\/portfolio\/item1\/wp-content\/uploads\/2021\/06\/couple-in-office-300x300.jpg 300w, http:\/\/www.simonburyan.cz\/ifix\/portfolio\/item1\/wp-content\/uploads\/2021\/06\/couple-in-office-150x150.jpg 150w\" sizes=\"(max-width: 446px) 100vw, 446px\" \/><\/a>\n\t\t\t<\/div><\/figure><figure class='gallery-item'>\n\t\t\t<div class='gallery-icon portrait'>\n\t\t\t\t<a data-elementor-open-lightbox=\"yes\" data-elementor-lightbox-slideshow=\"3a5cddd\" data-elementor-lightbox-title=\"girl-bridge\" href='http:\/\/www.simonburyan.cz\/ifix\/portfolio\/item1\/wp-content\/uploads\/2021\/06\/girl-bridge.jpg'><img loading=\"lazy\" decoding=\"async\" width=\"666\" height=\"667\" src=\"http:\/\/www.simonburyan.cz\/ifix\/portfolio\/item1\/wp-content\/uploads\/2021\/06\/girl-bridge.jpg\" class=\"attachment-full size-full\" alt=\"\" srcset=\"http:\/\/www.simonburyan.cz\/ifix\/portfolio\/item1\/wp-content\/uploads\/2021\/06\/girl-bridge.jpg 666w, http:\/\/www.simonburyan.cz\/ifix\/portfolio\/item1\/wp-content\/uploads\/2021\/06\/girl-bridge-300x300.jpg 300w, http:\/\/www.simonburyan.cz\/ifix\/portfolio\/item1\/wp-content\/uploads\/2021\/06\/girl-bridge-150x150.jpg 150w\" sizes=\"(max-width: 666px) 100vw, 666px\" \/><\/a>\n\t\t\t<\/div><\/figure><figure class='gallery-item'>\n\t\t\t<div class='gallery-icon landscape'>\n\t\t\t\t<a data-elementor-open-lightbox=\"yes\" data-elementor-lightbox-slideshow=\"3a5cddd\" data-elementor-lightbox-title=\"girls-jump-sunset\" href='http:\/\/www.simonburyan.cz\/ifix\/portfolio\/item1\/wp-content\/uploads\/2021\/06\/girls-jump-sunset.jpg'><img loading=\"lazy\" decoding=\"async\" width=\"660\" height=\"660\" src=\"http:\/\/www.simonburyan.cz\/ifix\/portfolio\/item1\/wp-content\/uploads\/2021\/06\/girls-jump-sunset.jpg\" class=\"attachment-full size-full\" alt=\"\" srcset=\"http:\/\/www.simonburyan.cz\/ifix\/portfolio\/item1\/wp-content\/uploads\/2021\/06\/girls-jump-sunset.jpg 660w, http:\/\/www.simonburyan.cz\/ifix\/portfolio\/item1\/wp-content\/uploads\/2021\/06\/girls-jump-sunset-300x300.jpg 300w, http:\/\/www.simonburyan.cz\/ifix\/portfolio\/item1\/wp-content\/uploads\/2021\/06\/girls-jump-sunset-150x150.jpg 150w\" sizes=\"(max-width: 660px) 100vw, 660px\" \/><\/a>\n\t\t\t<\/div><\/figure><figure class='gallery-item'>\n\t\t\t<div class='gallery-icon landscape'>\n\t\t\t\t<a data-elementor-open-lightbox=\"yes\" data-elementor-lightbox-slideshow=\"3a5cddd\" data-elementor-lightbox-title=\"man-in-style\" href='http:\/\/www.simonburyan.cz\/ifix\/portfolio\/item1\/wp-content\/uploads\/2021\/06\/man-in-style.jpg'><img loading=\"lazy\" decoding=\"async\" width=\"571\" height=\"571\" src=\"http:\/\/www.simonburyan.cz\/ifix\/portfolio\/item1\/wp-content\/uploads\/2021\/06\/man-in-style.jpg\" class=\"attachment-full size-full\" alt=\"\" srcset=\"http:\/\/www.simonburyan.cz\/ifix\/portfolio\/item1\/wp-content\/uploads\/2021\/06\/man-in-style.jpg 571w, http:\/\/www.simonburyan.cz\/ifix\/portfolio\/item1\/wp-content\/uploads\/2021\/06\/man-in-style-300x300.jpg 300w, http:\/\/www.simonburyan.cz\/ifix\/portfolio\/item1\/wp-content\/uploads\/2021\/06\/man-in-style-150x150.jpg 150w\" sizes=\"(max-width: 571px) 100vw, 571px\" \/><\/a>\n\t\t\t<\/div><\/figure><figure class='gallery-item'>\n\t\t\t<div class='gallery-icon landscape'>\n\t\t\t\t<a data-elementor-open-lightbox=\"yes\" data-elementor-lightbox-slideshow=\"3a5cddd\" data-elementor-lightbox-title=\"parade\" href='http:\/\/www.simonburyan.cz\/ifix\/portfolio\/item1\/wp-content\/uploads\/2021\/06\/parade.jpg'><img loading=\"lazy\" decoding=\"async\" width=\"649\" height=\"649\" src=\"http:\/\/www.simonburyan.cz\/ifix\/portfolio\/item1\/wp-content\/uploads\/2021\/06\/parade.jpg\" class=\"attachment-full size-full\" alt=\"\" srcset=\"http:\/\/www.simonburyan.cz\/ifix\/portfolio\/item1\/wp-content\/uploads\/2021\/06\/parade.jpg 649w, http:\/\/www.simonburyan.cz\/ifix\/portfolio\/item1\/wp-content\/uploads\/2021\/06\/parade-300x300.jpg 300w, http:\/\/www.simonburyan.cz\/ifix\/portfolio\/item1\/wp-content\/uploads\/2021\/06\/parade-150x150.jpg 150w\" sizes=\"(max-width: 649px) 100vw, 649px\" \/><\/a>\n\t\t\t<\/div><\/figure><figure class='gallery-item'>\n\t\t\t<div class='gallery-icon landscape'>\n\t\t\t\t<a data-elementor-open-lightbox=\"yes\" data-elementor-lightbox-slideshow=\"3a5cddd\" data-elementor-lightbox-title=\"sucess-man-finger\" href='http:\/\/www.simonburyan.cz\/ifix\/portfolio\/item1\/wp-content\/uploads\/2021\/06\/sucess-man-finger.jpg'><img loading=\"lazy\" decoding=\"async\" width=\"663\" height=\"663\" src=\"http:\/\/www.simonburyan.cz\/ifix\/portfolio\/item1\/wp-content\/uploads\/2021\/06\/sucess-man-finger.jpg\" class=\"attachment-full size-full\" alt=\"\" srcset=\"http:\/\/www.simonburyan.cz\/ifix\/portfolio\/item1\/wp-content\/uploads\/2021\/06\/sucess-man-finger.jpg 663w, http:\/\/www.simonburyan.cz\/ifix\/portfolio\/item1\/wp-content\/uploads\/2021\/06\/sucess-man-finger-300x300.jpg 300w, http:\/\/www.simonburyan.cz\/ifix\/portfolio\/item1\/wp-content\/uploads\/2021\/06\/sucess-man-finger-150x150.jpg 150w\" sizes=\"(max-width: 663px) 100vw, 663px\" \/><\/a>\n\t\t\t<\/div><\/figure>\n\t\t<\/div>\n\t\t<\/div>\n\t\t\t\t<\/div>\n\t\t\t\t<\/div>\n\t\t\t\t\t<\/div>\n\t\t<\/div>\n\t\t\t\t\t\t\t<\/div>\n\t\t<\/section>\n\t\t\t\t<section class=\"elementor-section elementor-top-section elementor-element elementor-element-4rd4zlh elementor-section-boxed elementor-section-height-default elementor-section-height-default\" data-id=\"4rd4zlh\" data-element_type=\"section\" data-settings=\"{&quot;background_background&quot;:&quot;classic&quot;}\">\n\t\t\t\t\t\t<div class=\"elementor-container elementor-column-gap-no\">\n\t\t\t\t\t<div class=\"elementor-column elementor-col-100 elementor-top-column elementor-element elementor-element-5a02ec6\" data-id=\"5a02ec6\" data-element_type=\"column\">\n\t\t\t<div class=\"elementor-widget-wrap elementor-element-populated\">\n\t\t\t\t\t\t\t\t<div class=\"elementor-element elementor-element-7349131 elementor-widget elementor-widget-heading\" data-id=\"7349131\" data-element_type=\"widget\" data-widget_type=\"heading.default\">\n\t\t\t\t<div class=\"elementor-widget-container\">\n\t\t\t<h2 class=\"elementor-heading-title elementor-size-default\">Spole\u010dn\u011b dok\u00e1\u017eeme realizovat Va\u0161e sny<\/h2>\t\t<\/div>\n\t\t\t\t<\/div>\n\t\t\t\t<div class=\"elementor-element elementor-element-405d6cd elementor-widget-divider--view-line elementor-widget elementor-widget-divider\" data-id=\"405d6cd\" data-element_type=\"widget\" data-widget_type=\"divider.default\">\n\t\t\t\t<div class=\"elementor-widget-container\">\n\t\t\t\t\t<div class=\"elementor-divider\">\n\t\t\t<span class=\"elementor-divider-separator\">\n\t\t\t\t\t\t<\/span>\n\t\t<\/div>\n\t\t\t\t<\/div>\n\t\t\t\t<\/div>\n\t\t\t\t<div class=\"elementor-element elementor-element-6c6db8b elementor-widget elementor-widget-text-editor\" data-id=\"6c6db8b\" data-element_type=\"widget\" data-widget_type=\"text-editor.default\">\n\t\t\t\t<div class=\"elementor-widget-container\">\n\t\t\t\t\t\t\t\t<p>Jsme zde pro V\u00e1s a nem\u016f\u017eu se do\u010dkat, a\u017e za\u010dneme spolu realizovat Va\u0161i vizi.<\/p>\t\t\t\t\t\t<\/div>\n\t\t\t\t<\/div>\n\t\t\t\t<div class=\"elementor-element elementor-element-9f3c776 elementor-tablet-align-left elementor-widget elementor-widget-button\" data-id=\"9f3c776\" data-element_type=\"widget\" data-widget_type=\"button.default\">\n\t\t\t\t<div class=\"elementor-widget-container\">\n\t\t\t\t\t<div class=\"elementor-button-wrapper\">\n\t\t\t<a href=\"#\" class=\"elementor-button-link elementor-button elementor-size-sm\" role=\"button\">\n\t\t\t\t\t\t<span class=\"elementor-button-content-wrapper\">\n\t\t\t\t\t\t<span class=\"elementor-button-text\">Kontaktovat<\/span>\n\t\t<\/span>\n\t\t\t\t\t<\/a>\n\t\t<\/div>\n\t\t\t\t<\/div>\n\t\t\t\t<\/div>\n\t\t\t\t\t<\/div>\n\t\t<\/div>\n\t\t\t\t\t\t\t<\/div>\n\t\t<\/section>\n\t\t\t\t\t\t<\/div>\n\t\t\t\t\t<\/div>\n\t\t","protected":false},"excerpt":{"rendered":"<p>Galerie V t\u00e9to \u010d\u00e1sti je prezentov\u00e1no portoflium hlavn\u00edch projekt\u016f. Spole\u010dn\u011b dok\u00e1\u017eeme realizovat Va\u0161e sny Jsme zde pro V\u00e1s a nem\u016f\u017eu se do\u010dkat, a\u017e za\u010dneme spolu realizovat Va\u0161i vizi. Kontaktovat<\/p>\n","protected":false},"author":1,"featured_media":0,"parent":0,"menu_order":0,"comment_status":"closed","ping_status":"closed","template":"","meta":{"footnotes":""},"yoast_head":"<!-- This site is optimized with the Yoast SEO plugin v16.3 - https:\/\/yoast.com\/wordpress\/plugins\/seo\/ -->\n<title>Galerie | Adventura<\/title>\n<meta name=\"robots\" content=\"index, follow, max-snippet:-1, max-image-preview:large, max-video-preview:-1\" \/>\n<link rel=\"canonical\" href=\"http:\/\/www.simonburyan.cz\/ifix\/portfolio\/item1\/galerie\/\" \/>\n<meta property=\"og:locale\" content=\"cs_CZ\" \/>\n<meta property=\"og:type\" content=\"article\" \/>\n<meta property=\"og:title\" content=\"Galerie | Adventura\" \/>\n<meta property=\"og:description\" content=\"Galerie V t\u00e9to \u010d\u00e1sti je prezentov\u00e1no portoflium hlavn\u00edch projekt\u016f. Spole\u010dn\u011b dok\u00e1\u017eeme realizovat Va\u0161e sny Jsme zde pro V\u00e1s a nem\u016f\u017eu se do\u010dkat, a\u017e za\u010dneme spolu realizovat Va\u0161i vizi. Kontaktovat\" \/>\n<meta property=\"og:url\" content=\"http:\/\/www.simonburyan.cz\/ifix\/portfolio\/item1\/galerie\/\" \/>\n<meta property=\"og:site_name\" content=\"Adventura\" \/>\n<meta property=\"article:modified_time\" content=\"2021-06-05T21:37:14+00:00\" \/>\n<meta property=\"og:image\" content=\"http:\/\/www.simonburyan.cz\/ifix\/portfolio\/item1\/wp-content\/uploads\/2021\/06\/couple-in-office.jpg\" \/>\n<meta name=\"twitter:card\" content=\"summary_large_image\" \/>\n<meta name=\"twitter:label1\" content=\"Odhadovan\u00e1 doba \u010dten\u00ed\">\n\t<meta name=\"twitter:data1\" content=\"2 minuty\">\n<script type=\"application\/ld+json\" class=\"yoast-schema-graph\">{\"@context\":\"https:\/\/schema.org\",\"@graph\":[{\"@type\":[\"Person\",\"Organization\"],\"@id\":\"http:\/\/www.simonburyan.cz\/ifix\/portfolio\/item1\/#\/schema\/person\/7eef8d53d8efd463998a44e1cead9cad\",\"name\":\"admin\",\"image\":{\"@type\":\"ImageObject\",\"@id\":\"http:\/\/www.simonburyan.cz\/ifix\/portfolio\/item1\/#personlogo\",\"inLanguage\":\"cs\",\"url\":\"http:\/\/0.gravatar.com\/avatar\/900c7f7a420127ed23f834c3e5ef31f8?s=96&d=mm&r=g\",\"contentUrl\":\"http:\/\/0.gravatar.com\/avatar\/900c7f7a420127ed23f834c3e5ef31f8?s=96&d=mm&r=g\",\"caption\":\"admin\"},\"logo\":{\"@id\":\"http:\/\/www.simonburyan.cz\/ifix\/portfolio\/item1\/#personlogo\"},\"sameAs\":[\"http:\/\/www.simonburyan.cz\/ifix\/portfolio\/item1\"]},{\"@type\":\"WebSite\",\"@id\":\"http:\/\/www.simonburyan.cz\/ifix\/portfolio\/item1\/#website\",\"url\":\"http:\/\/www.simonburyan.cz\/ifix\/portfolio\/item1\/\",\"name\":\"Adventura\",\"description\":\"V\\u00e1\\u0161 osobn\\u00ed business coach\",\"publisher\":{\"@id\":\"http:\/\/www.simonburyan.cz\/ifix\/portfolio\/item1\/#\/schema\/person\/7eef8d53d8efd463998a44e1cead9cad\"},\"potentialAction\":[{\"@type\":\"SearchAction\",\"target\":\"http:\/\/www.simonburyan.cz\/ifix\/portfolio\/item1\/?s={search_term_string}\",\"query-input\":\"required name=search_term_string\"}],\"inLanguage\":\"cs\"},{\"@type\":\"ImageObject\",\"@id\":\"http:\/\/www.simonburyan.cz\/ifix\/portfolio\/item1\/galerie\/#primaryimage\",\"inLanguage\":\"cs\",\"url\":\"http:\/\/www.simonburyan.cz\/ifix\/portfolio\/item1\/wp-content\/uploads\/2021\/06\/couple-in-office.jpg\",\"contentUrl\":\"http:\/\/www.simonburyan.cz\/ifix\/portfolio\/item1\/wp-content\/uploads\/2021\/06\/couple-in-office.jpg\",\"width\":446,\"height\":446},{\"@type\":\"WebPage\",\"@id\":\"http:\/\/www.simonburyan.cz\/ifix\/portfolio\/item1\/galerie\/#webpage\",\"url\":\"http:\/\/www.simonburyan.cz\/ifix\/portfolio\/item1\/galerie\/\",\"name\":\"Galerie | Adventura\",\"isPartOf\":{\"@id\":\"http:\/\/www.simonburyan.cz\/ifix\/portfolio\/item1\/#website\"},\"primaryImageOfPage\":{\"@id\":\"http:\/\/www.simonburyan.cz\/ifix\/portfolio\/item1\/galerie\/#primaryimage\"},\"datePublished\":\"2021-05-19T20:15:11+00:00\",\"dateModified\":\"2021-06-05T21:37:14+00:00\",\"breadcrumb\":{\"@id\":\"http:\/\/www.simonburyan.cz\/ifix\/portfolio\/item1\/galerie\/#breadcrumb\"},\"inLanguage\":\"cs\",\"potentialAction\":[{\"@type\":\"ReadAction\",\"target\":[\"http:\/\/www.simonburyan.cz\/ifix\/portfolio\/item1\/galerie\/\"]}]},{\"@type\":\"BreadcrumbList\",\"@id\":\"http:\/\/www.simonburyan.cz\/ifix\/portfolio\/item1\/galerie\/#breadcrumb\",\"itemListElement\":[{\"@type\":\"ListItem\",\"position\":1,\"item\":{\"@type\":\"WebPage\",\"@id\":\"http:\/\/www.simonburyan.cz\/ifix\/portfolio\/item1\/\",\"url\":\"http:\/\/www.simonburyan.cz\/ifix\/portfolio\/item1\/\",\"name\":\"Dom\\u016f\"}},{\"@type\":\"ListItem\",\"position\":2,\"item\":{\"@id\":\"http:\/\/www.simonburyan.cz\/ifix\/portfolio\/item1\/galerie\/#webpage\"}}]}]}<\/script>\n<!-- \/ Yoast SEO plugin. -->","_links":{"self":[{"href":"http:\/\/www.simonburyan.cz\/ifix\/portfolio\/item1\/wp-json\/wp\/v2\/pages\/974"}],"collection":[{"href":"http:\/\/www.simonburyan.cz\/ifix\/portfolio\/item1\/wp-json\/wp\/v2\/pages"}],"about":[{"href":"http:\/\/www.simonburyan.cz\/ifix\/portfolio\/item1\/wp-json\/wp\/v2\/types\/page"}],"author":[{"embeddable":true,"href":"http:\/\/www.simonburyan.cz\/ifix\/portfolio\/item1\/wp-json\/wp\/v2\/users\/1"}],"replies":[{"embeddable":true,"href":"http:\/\/www.simonburyan.cz\/ifix\/portfolio\/item1\/wp-json\/wp\/v2\/comments?post=974"}],"version-history":[{"count":17,"href":"http:\/\/www.simonburyan.cz\/ifix\/portfolio\/item1\/wp-json\/wp\/v2\/pages\/974\/revisions"}],"predecessor-version":[{"id":1050,"href":"http:\/\/www.simonburyan.cz\/ifix\/portfolio\/item1\/wp-json\/wp\/v2\/pages\/974\/revisions\/1050"}],"wp:attachment":[{"href":"http:\/\/www.simonburyan.cz\/ifix\/portfolio\/item1\/wp-json\/wp\/v2\/media?parent=974"}],"curies":[{"name":"wp","href":"https:\/\/api.w.org\/{rel}","templated":true}]}}